{"id":5,"date":"2026-03-02T09:31:00","date_gmt":"2026-03-02T09:31:00","guid":{"rendered":"https:\/\/hammarbyungdom.sportadmin.dev\/?page_id=5"},"modified":"2026-03-04T10:44:11","modified_gmt":"2026-03-04T10:44:11","slug":"startsida","status":"publish","type":"page","link":"https:\/\/hammarbyungdom.sportadmin.dev\/","title":{"rendered":"Startsida"},"content":{"rendered":"\n<div class=\"wp-block-cover alignfull has-custom-content-position is-position-center-left hero-fullbredd\" style=\"border-radius:0px;padding-top:var(--wp--preset--spacing--100);padding-right:var(--wp--preset--spacing--100);padding-bottom:var(--wp--preset--spacing--100);padding-left:var(--wp--preset--spacing--100);min-height:70vh;aspect-ratio:unset;\"><img loading=\"lazy\" decoding=\"async\" width=\"1024\" height=\"683\" class=\"wp-block-cover__image-background wp-image-36 size-large\" alt=\"\" src=\"https:\/\/hammarbyungdom.sportadmin.dev\/wp-content\/uploads\/2026\/03\/hammarby1-1024x683.jpeg\" style=\"object-position:54% 14%\" data-object-fit=\"cover\" data-object-position=\"54% 14%\" srcset=\"https:\/\/hammarbyungdom.sportadmin.dev\/wp-content\/uploads\/2026\/03\/hammarby1-1024x683.jpeg 1024w, https:\/\/hammarbyungdom.sportadmin.dev\/wp-content\/uploads\/2026\/03\/hammarby1-300x200.jpeg 300w, https:\/\/hammarbyungdom.sportadmin.dev\/wp-content\/uploads\/2026\/03\/hammarby1-768x512.jpeg 768w, https:\/\/hammarbyungdom.sportadmin.dev\/wp-content\/uploads\/2026\/03\/hammarby1.jpeg 1280w\" sizes=\"auto, (max-width: 1024px) 100vw, 1024px\" \/><span aria-hidden=\"true\" class=\"wp-block-cover__background has-background-dim-60 has-background-dim wp-block-cover__gradient-background has-background-gradient\" style=\"background:radial-gradient(rgba(9,46,32,0) 0%,rgb(9,46,32) 100%)\"><\/span><div class=\"wp-block-cover__inner-container is-layout-flow wp-block-cover-is-layout-flow\">\n<div class=\"wp-block-group has-global-padding is-content-justification-center is-layout-constrained wp-container-core-group-is-layout-3988ab4e wp-block-group-is-layout-constrained\" style=\"padding-right:var(--wp--preset--spacing--70);padding-left:var(--wp--preset--spacing--70)\">\n<h2 class=\"wp-block-heading has-text-align-left has-vit-color has-text-color\" style=\"margin-bottom:var(--wp--preset--spacing--30)\">Fotbollsskola och akademicamper 2026<\/h2>\n\n\n\n<p class=\"has-text-align-left has-vit-color has-text-color has-medium-font-size\" style=\"margin-bottom:var(--wp--preset--spacing--30)\">En hero-sektion med bakgrundsbild och overlay. Anv\u00e4nd Cover-inst\u00e4llningarna f\u00f6r overlay-f\u00e4rg och textkontrast.<\/p>\n\n\n\n<div class=\"wp-block-buttons is-content-justification-left is-layout-flex wp-container-core-buttons-is-layout-fc4fd283 wp-block-buttons-is-layout-flex\">\n<div class=\"wp-block-button is-style-outline is-style-outline--1\"><a class=\"wp-block-button__link has-vit-color has-text-color has-small-font-size has-custom-font-size wp-element-button\" style=\"padding-top:var(--wp--preset--spacing--40);padding-right:var(--wp--preset--spacing--70);padding-bottom:var(--wp--preset--spacing--40);padding-left:var(--wp--preset--spacing--70)\">Till anm\u00e4lan<\/a><\/div>\n<\/div>\n<\/div>\n<\/div><\/div>\n\n\n\n<div style=\"height:5vh\" aria-hidden=\"true\" class=\"wp-block-spacer\"><\/div>\n\n\n\n<div class=\"wp-block-group news-grid-4 is-layout-constrained has-global-padding wp-container-core-group-is-layout-4d69848d wp-block-group-is-layout-constrained\" style=\"padding-top:var(--wp--preset--spacing--80);padding-bottom:var(--wp--preset--spacing--80)\">\n<h3 class=\"wp-block-heading\" style=\"margin-bottom:var(--wp--preset--spacing--70);text-transform:none\">Nyheter<\/h3>\n\n\n\n<div class=\"wp-block-query is-layout-flow wp-block-query-is-layout-flow\"><ul class=\"columns-3 wp-block-post-template has-background has-primary-background-color is-layout-grid wp-container-core-post-template-is-layout-77737926 wp-block-post-template-is-layout-grid\"><li class=\"wp-block-post post-65 post type-post status-publish format-standard has-post-thumbnail hentry category-uncategorized\">\n\n<div class=\"wp-block-group has-primary-background-color has-background has-global-padding is-layout-constrained wp-container-core-group-is-layout-28c37565 wp-block-group-is-layout-constrained\" style=\"padding-top:var(--wp--preset--spacing--10);padding-right:var(--wp--preset--spacing--10);padding-bottom:var(--wp--preset--spacing--10);padding-left:var(--wp--preset--spacing--10)\"><figure style=\"aspect-ratio:16\/9;\" class=\"wp-block-post-featured-image\"><a href=\"https:\/\/hammarbyungdom.sportadmin.dev\/?p=65\" target=\"_self\"  ><img loading=\"lazy\" decoding=\"async\" width=\"1200\" height=\"800\" src=\"https:\/\/hammarbyungdom.sportadmin.dev\/wp-content\/uploads\/2026\/03\/Bajen-Ungdom.png\" class=\"attachment-post-thumbnail size-post-thumbnail wp-post-image\" alt=\"Ledarm\u00f6te om tr\u00e4ningstider och v\u00e5ra f\u00f6ruts\u00e4ttningar\" style=\"border-top-left-radius:8px;border-top-right-radius:8px;border-bottom-left-radius:8px;border-bottom-right-radius:8px;width:100%;height:100%;object-fit:cover;\" srcset=\"https:\/\/hammarbyungdom.sportadmin.dev\/wp-content\/uploads\/2026\/03\/Bajen-Ungdom.png 1200w, https:\/\/hammarbyungdom.sportadmin.dev\/wp-content\/uploads\/2026\/03\/Bajen-Ungdom-300x200.png 300w, https:\/\/hammarbyungdom.sportadmin.dev\/wp-content\/uploads\/2026\/03\/Bajen-Ungdom-1024x683.png 1024w, https:\/\/hammarbyungdom.sportadmin.dev\/wp-content\/uploads\/2026\/03\/Bajen-Ungdom-768x512.png 768w\" sizes=\"auto, (max-width: 1200px) 100vw, 1200px\" \/><\/a><\/figure>\n\n\n<div class=\"wp-block-group is-layout-flex has-primary-background-color has-background is-vertical wp-container-core-group-is-layout-80ccb5a0 wp-block-group-is-layout-flex\" style=\"border-top-left-radius:0px;border-top-right-radius:0px;border-bottom-left-radius:0px;border-bottom-right-radius:0px;padding-top:var(--wp--preset--spacing--50);padding-right:0;padding-bottom:var(--wp--preset--spacing--50);padding-left:0\"><div style=\"color:#a1b5ae; font-size:12px;\" class=\"wp-block-post-date has-text-color\"><time datetime=\"2026-03-02T13:42:14+00:00\">2 mars, 2026<\/time><\/div>\n\n<h3 style=\"text-transform:none;\" class=\"wp-block-post-title has-large-font-size\"><a href=\"https:\/\/hammarbyungdom.sportadmin.dev\/?p=65\" target=\"_self\" >Ledarm\u00f6te om tr\u00e4ningstider och v\u00e5ra f\u00f6ruts\u00e4ttningar<\/a><\/h3><\/div>\n<\/div>\n\n<\/li><li class=\"wp-block-post post-57 post type-post status-publish format-standard has-post-thumbnail hentry category-uncategorized\">\n\n<div class=\"wp-block-group has-primary-background-color has-background has-global-padding is-layout-constrained wp-container-core-group-is-layout-28c37565 wp-block-group-is-layout-constrained\" style=\"padding-top:var(--wp--preset--spacing--10);padding-right:var(--wp--preset--spacing--10);padding-bottom:var(--wp--preset--spacing--10);padding-left:var(--wp--preset--spacing--10)\"><figure style=\"aspect-ratio:16\/9;\" class=\"wp-block-post-featured-image\"><a href=\"https:\/\/hammarbyungdom.sportadmin.dev\/?p=57\" target=\"_self\"  ><img loading=\"lazy\" decoding=\"async\" width=\"2560\" height=\"1440\" src=\"https:\/\/hammarbyungdom.sportadmin.dev\/wp-content\/uploads\/2025\/11\/8a610444f827e474c0eb1b6b20645c0d099ebb88-3403x1914-1-scaled.jpg\" class=\"attachment-post-thumbnail size-post-thumbnail wp-post-image\" alt=\"M\u00e5ndag den 1 december kl.08.00 \u00f6ppnar anm\u00e4lan\" style=\"border-top-left-radius:8px;border-top-right-radius:8px;border-bottom-left-radius:8px;border-bottom-right-radius:8px;width:100%;height:100%;object-fit:cover;\" srcset=\"https:\/\/hammarbyungdom.sportadmin.dev\/wp-content\/uploads\/2025\/11\/8a610444f827e474c0eb1b6b20645c0d099ebb88-3403x1914-1-scaled.jpg 2560w, https:\/\/hammarbyungdom.sportadmin.dev\/wp-content\/uploads\/2025\/11\/8a610444f827e474c0eb1b6b20645c0d099ebb88-3403x1914-1-300x169.jpg 300w, https:\/\/hammarbyungdom.sportadmin.dev\/wp-content\/uploads\/2025\/11\/8a610444f827e474c0eb1b6b20645c0d099ebb88-3403x1914-1-1024x576.jpg 1024w, https:\/\/hammarbyungdom.sportadmin.dev\/wp-content\/uploads\/2025\/11\/8a610444f827e474c0eb1b6b20645c0d099ebb88-3403x1914-1-768x432.jpg 768w, https:\/\/hammarbyungdom.sportadmin.dev\/wp-content\/uploads\/2025\/11\/8a610444f827e474c0eb1b6b20645c0d099ebb88-3403x1914-1-1536x864.jpg 1536w, https:\/\/hammarbyungdom.sportadmin.dev\/wp-content\/uploads\/2025\/11\/8a610444f827e474c0eb1b6b20645c0d099ebb88-3403x1914-1-2048x1152.jpg 2048w\" sizes=\"auto, (max-width: 2560px) 100vw, 2560px\" \/><\/a><\/figure>\n\n\n<div class=\"wp-block-group is-layout-flex has-primary-background-color has-background is-vertical wp-container-core-group-is-layout-80ccb5a0 wp-block-group-is-layout-flex\" style=\"border-top-left-radius:0px;border-top-right-radius:0px;border-bottom-left-radius:0px;border-bottom-right-radius:0px;padding-top:var(--wp--preset--spacing--50);padding-right:0;padding-bottom:var(--wp--preset--spacing--50);padding-left:0\"><div style=\"color:#a1b5ae; font-size:12px;\" class=\"wp-block-post-date has-text-color\"><time datetime=\"2025-11-30T13:12:00+00:00\">30 november, 2025<\/time><\/div>\n\n<h3 style=\"text-transform:none;\" class=\"wp-block-post-title has-large-font-size\"><a href=\"https:\/\/hammarbyungdom.sportadmin.dev\/?p=57\" target=\"_self\" >M\u00e5ndag den 1 december kl.08.00 \u00f6ppnar anm\u00e4lan<\/a><\/h3><\/div>\n<\/div>\n\n<\/li><li class=\"wp-block-post post-62 post type-post status-publish format-standard has-post-thumbnail hentry category-uncategorized\">\n\n<div class=\"wp-block-group has-primary-background-color has-background has-global-padding is-layout-constrained wp-container-core-group-is-layout-28c37565 wp-block-group-is-layout-constrained\" style=\"padding-top:var(--wp--preset--spacing--10);padding-right:var(--wp--preset--spacing--10);padding-bottom:var(--wp--preset--spacing--10);padding-left:var(--wp--preset--spacing--10)\"><figure style=\"aspect-ratio:16\/9;\" class=\"wp-block-post-featured-image\"><a href=\"https:\/\/hammarbyungdom.sportadmin.dev\/?p=62\" target=\"_self\"  ><img loading=\"lazy\" decoding=\"async\" width=\"1024\" height=\"768\" src=\"https:\/\/hammarbyungdom.sportadmin.dev\/wp-content\/uploads\/2026\/03\/0FD85B46-A15D-4312-B0B9-C8BBEE812444_1749967_1024.jpeg\" class=\"attachment-post-thumbnail size-post-thumbnail wp-post-image\" alt=\"Anm\u00e4l ditt barn f\u00f6dd 2021\" style=\"border-top-left-radius:8px;border-top-right-radius:8px;border-bottom-left-radius:8px;border-bottom-right-radius:8px;width:100%;height:100%;object-fit:cover;\" srcset=\"https:\/\/hammarbyungdom.sportadmin.dev\/wp-content\/uploads\/2026\/03\/0FD85B46-A15D-4312-B0B9-C8BBEE812444_1749967_1024.jpeg 1024w, https:\/\/hammarbyungdom.sportadmin.dev\/wp-content\/uploads\/2026\/03\/0FD85B46-A15D-4312-B0B9-C8BBEE812444_1749967_1024-300x225.jpeg 300w, https:\/\/hammarbyungdom.sportadmin.dev\/wp-content\/uploads\/2026\/03\/0FD85B46-A15D-4312-B0B9-C8BBEE812444_1749967_1024-768x576.jpeg 768w\" sizes=\"auto, (max-width: 1024px) 100vw, 1024px\" \/><\/a><\/figure>\n\n\n<div class=\"wp-block-group is-layout-flex has-primary-background-color has-background is-vertical wp-container-core-group-is-layout-80ccb5a0 wp-block-group-is-layout-flex\" style=\"border-top-left-radius:0px;border-top-right-radius:0px;border-bottom-left-radius:0px;border-bottom-right-radius:0px;padding-top:var(--wp--preset--spacing--50);padding-right:0;padding-bottom:var(--wp--preset--spacing--50);padding-left:0\"><div style=\"color:#a1b5ae; font-size:12px;\" class=\"wp-block-post-date has-text-color\"><time datetime=\"2025-09-17T13:25:00+00:00\">17 september, 2025<\/time><\/div>\n\n<h3 style=\"text-transform:none;\" class=\"wp-block-post-title has-large-font-size\"><a href=\"https:\/\/hammarbyungdom.sportadmin.dev\/?p=62\" target=\"_self\" >Anm\u00e4l ditt barn f\u00f6dd 2021<\/a><\/h3><\/div>\n<\/div>\n\n<\/li><\/ul>\n\n\n<div class=\"wp-block-buttons is-content-justification-center is-layout-flex wp-container-core-buttons-is-layout-9033c490 wp-block-buttons-is-layout-flex\" style=\"margin-top:var(--wp--preset--spacing--80);margin-bottom:var(--wp--preset--spacing--80)\">\n<div class=\"wp-block-button is-style-outline is-style-outline--2\"><a class=\"wp-block-button__link has-medium-font-size has-custom-font-size wp-element-button\">Se fler nyheter<\/a><\/div>\n<\/div>\n<\/div>\n<\/div>\n\n\n\n<div class=\"wp-block-group card-grid-2 is-layout-constrained has-global-padding wp-container-core-group-is-layout-a7ccbdfb wp-block-group-is-layout-constrained\" style=\"padding-top:var(--wp--preset--spacing--90);padding-bottom:var(--wp--preset--spacing--90)\">\n<div class=\"wp-block-columns is-layout-flex wp-container-core-columns-is-layout-08a2a807 wp-block-columns-is-layout-flex\">\n<div class=\"wp-block-column is-layout-flow wp-block-column-is-layout-flow\">\n<div class=\"wp-block-cover has-custom-content-position is-position-bottom-left\" style=\"min-height:400px;aspect-ratio:unset;\"><img loading=\"lazy\" decoding=\"async\" width=\"1024\" height=\"682\" class=\"wp-block-cover__image-background wp-image-70 size-full\" alt=\"\" src=\"https:\/\/hammarbyungdom.sportadmin.dev\/wp-content\/uploads\/2026\/03\/Hammarby-Akademi-Flick.jpeg\" data-object-fit=\"cover\" srcset=\"https:\/\/hammarbyungdom.sportadmin.dev\/wp-content\/uploads\/2026\/03\/Hammarby-Akademi-Flick.jpeg 1024w, https:\/\/hammarbyungdom.sportadmin.dev\/wp-content\/uploads\/2026\/03\/Hammarby-Akademi-Flick-300x200.jpeg 300w, https:\/\/hammarbyungdom.sportadmin.dev\/wp-content\/uploads\/2026\/03\/Hammarby-Akademi-Flick-768x512.jpeg 768w\" sizes=\"auto, (max-width: 1024px) 100vw, 1024px\" \/><span aria-hidden=\"true\" class=\"wp-block-cover__background has-background-dim-70 has-background-dim wp-block-cover__gradient-background has-background-gradient\" style=\"background:radial-gradient(rgba(9,46,32,0) 44%,rgb(9,46,32) 100%)\"><\/span><div class=\"wp-block-cover__inner-container is-layout-flow wp-block-cover-is-layout-flow\">\n<h2 class=\"wp-block-heading has-vit-color has-text-color\" style=\"margin-bottom:var(--wp--preset--spacing--20)\">flickakademin<\/h2>\n<\/div><\/div>\n<\/div>\n\n\n\n<div class=\"wp-block-column is-layout-flow wp-block-column-is-layout-flow\">\n<div class=\"wp-block-cover has-custom-content-position is-position-bottom-left\" style=\"min-height:400px;aspect-ratio:unset;\"><img loading=\"lazy\" decoding=\"async\" width=\"778\" height=\"423\" class=\"wp-block-cover__image-background wp-image-71 size-full\" alt=\"\" src=\"https:\/\/hammarbyungdom.sportadmin.dev\/wp-content\/uploads\/2026\/03\/Hammarby-Akademi-Pojk.jpeg\" data-object-fit=\"cover\" srcset=\"https:\/\/hammarbyungdom.sportadmin.dev\/wp-content\/uploads\/2026\/03\/Hammarby-Akademi-Pojk.jpeg 778w, https:\/\/hammarbyungdom.sportadmin.dev\/wp-content\/uploads\/2026\/03\/Hammarby-Akademi-Pojk-300x163.jpeg 300w, https:\/\/hammarbyungdom.sportadmin.dev\/wp-content\/uploads\/2026\/03\/Hammarby-Akademi-Pojk-768x418.jpeg 768w\" sizes=\"auto, (max-width: 778px) 100vw, 778px\" \/><span aria-hidden=\"true\" class=\"wp-block-cover__background has-background-dim-70 has-background-dim wp-block-cover__gradient-background has-background-gradient\" style=\"background:radial-gradient(rgba(9,46,32,0) 44%,rgb(9,46,32) 100%)\"><\/span><div class=\"wp-block-cover__inner-container is-layout-flow wp-block-cover-is-layout-flow\">\n<h2 class=\"wp-block-heading has-vit-color has-text-color\" style=\"margin-bottom:var(--wp--preset--spacing--20)\">pojkakademin<\/h2>\n<\/div><\/div>\n<\/div>\n<\/div>\n<\/div>\n\n\n\n<div class=\"wp-block-group card-grid-1 is-layout-constrained has-global-padding wp-container-core-group-is-layout-a7ccbdfb wp-block-group-is-layout-constrained\" style=\"padding-top:var(--wp--preset--spacing--90);padding-bottom:var(--wp--preset--spacing--90)\">\n<div class=\"wp-block-columns is-layout-flex wp-container-core-columns-is-layout-28f84493 wp-block-columns-is-layout-flex\">\n<div class=\"wp-block-column is-layout-flow wp-block-column-is-layout-flow\">\n<div class=\"wp-block-cover has-custom-content-position is-position-center-left\" style=\"min-height:430px;aspect-ratio:unset;\"><img loading=\"lazy\" decoding=\"async\" width=\"1024\" height=\"717\" class=\"wp-block-cover__image-background wp-image-72 size-full\" alt=\"\" src=\"https:\/\/hammarbyungdom.sportadmin.dev\/wp-content\/uploads\/2026\/03\/Hammarby-Utveckling.jpeg\" style=\"object-position:0% 40%\" data-object-fit=\"cover\" data-object-position=\"0% 40%\" srcset=\"https:\/\/hammarbyungdom.sportadmin.dev\/wp-content\/uploads\/2026\/03\/Hammarby-Utveckling.jpeg 1024w, https:\/\/hammarbyungdom.sportadmin.dev\/wp-content\/uploads\/2026\/03\/Hammarby-Utveckling-300x210.jpeg 300w, https:\/\/hammarbyungdom.sportadmin.dev\/wp-content\/uploads\/2026\/03\/Hammarby-Utveckling-768x538.jpeg 768w\" sizes=\"auto, (max-width: 1024px) 100vw, 1024px\" \/><span aria-hidden=\"true\" class=\"wp-block-cover__background has-background-dim-100 has-background-dim wp-block-cover__gradient-background has-background-gradient\" style=\"background:linear-gradient(270deg,rgba(0,0,0,0) 2%,rgb(0,0,0) 100%)\"><\/span><div class=\"wp-block-cover__inner-container is-layout-flow wp-block-cover-is-layout-flow\">\n<h2 class=\"wp-block-heading has-vit-color has-text-color\" style=\"margin-bottom:var(--wp--preset--spacing--20)\">HAMMARBY <br>utvecklingsblock<\/h2>\n\n\n\n<p class=\"has-vit-color has-text-color\" style=\"margin-top:0;margin-bottom:0\">Anm\u00e4l ditt barn h\u00e4r<\/p>\n<\/div><\/div>\n<\/div>\n<\/div>\n<\/div>\n","protected":false},"excerpt":{"rendered":"<p>Nyheter<\/p>\n","protected":false},"author":1,"featured_media":0,"parent":0,"menu_order":0,"comment_status":"closed","ping_status":"closed","template":"","meta":{"footnotes":""},"class_list":["post-5","page","type-page","status-publish","hentry"],"_links":{"self":[{"href":"https:\/\/hammarbyungdom.sportadmin.dev\/index.php?rest_route=\/wp\/v2\/pages\/5","targetHints":{"allow":["GET"]}}],"collection":[{"href":"https:\/\/hammarbyungdom.sportadmin.dev\/index.php?rest_route=\/wp\/v2\/pages"}],"about":[{"href":"https:\/\/hammarbyungdom.sportadmin.dev\/index.php?rest_route=\/wp\/v2\/types\/page"}],"author":[{"embeddable":true,"href":"https:\/\/hammarbyungdom.sportadmin.dev\/index.php?rest_route=\/wp\/v2\/users\/1"}],"replies":[{"embeddable":true,"href":"https:\/\/hammarbyungdom.sportadmin.dev\/index.php?rest_route=%2Fwp%2Fv2%2Fcomments&post=5"}],"version-history":[{"count":13,"href":"https:\/\/hammarbyungdom.sportadmin.dev\/index.php?rest_route=\/wp\/v2\/pages\/5\/revisions"}],"predecessor-version":[{"id":78,"href":"https:\/\/hammarbyungdom.sportadmin.dev\/index.php?rest_route=\/wp\/v2\/pages\/5\/revisions\/78"}],"wp:attachment":[{"href":"https:\/\/hammarbyungdom.sportadmin.dev\/index.php?rest_route=%2Fwp%2Fv2%2Fmedia&parent=5"}],"curies":[{"name":"wp","href":"https:\/\/api.w.org\/{rel}","templated":true}]}}